{"id":3918,"date":"2025-02-02T21:01:30","date_gmt":"2025-02-02T20:01:30","guid":{"rendered":"https:\/\/metirionic.com\/?page_id=3918"},"modified":"2025-02-02T21:01:30","modified_gmt":"2025-02-02T20:01:30","slug":"vorteile-nutzen","status":"publish","type":"page","link":"https:\/\/metirionic.com\/de\/metirionic-technologie\/vorteile-nutzen\/","title":{"rendered":"Vorteile &#038; Nutzen"},"content":{"rendered":"","protected":false},"excerpt":{"rendered":"","protected":false},"author":6,"featured_media":0,"parent":3910,"menu_order":0,"comment_status":"closed","ping_status":"closed","template":"company.php","meta":{"_acf_changed":false,"footnotes":""},"class_list":["post-3918","page","type-page","status-publish","hentry"],"acf":[],"yoast_head":"<!-- This site is optimized with the Yoast SEO plugin v27.1.1 - https:\/\/yoast.com\/product\/yoast-seo-wordpress\/ -->\n<title>Vorteile &amp; Nutzen - metirionic.com<\/title>\n<meta name=\"description\" content=\"Erfahren Sie mehr \u00fcber die wesentlichen Vorteile der fortschrittlichen Funkmess- und Positionierungstechnologie von Metirionic, die pr\u00e4zise Distanzmessung, robuste Sicherheit und flexible Integration f\u00fcr IoT- und Industrieanwendungen bietet.\" \/>\n<meta name=\"robots\" content=\"index, follow, max-snippet:-1, max-image-preview:large, max-video-preview:-1\" \/>\n<link rel=\"canonical\" href=\"https:\/\/metirionic.com\/de\/metirionic-technologie\/vorteile-nutzen\/\" \/>\n<meta property=\"og:locale\" content=\"de_DE\" \/>\n<meta property=\"og:type\" content=\"article\" \/>\n<meta property=\"og:title\" content=\"Vorteile &amp; Nutzen - metirionic.com\" \/>\n<meta property=\"og:description\" content=\"Erfahren Sie mehr \u00fcber die wesentlichen Vorteile der fortschrittlichen Funkmess- und Positionierungstechnologie von Metirionic, die pr\u00e4zise Distanzmessung, robuste Sicherheit und flexible Integration f\u00fcr IoT- und Industrieanwendungen bietet.\" \/>\n<meta property=\"og:url\" content=\"https:\/\/metirionic.com\/de\/metirionic-technologie\/vorteile-nutzen\/\" \/>\n<meta property=\"og:site_name\" content=\"metirionic.com\" \/>\n<meta name=\"twitter:card\" content=\"summary_large_image\" \/>\n<script type=\"application\/ld+json\" class=\"yoast-schema-graph\">{\"@context\":\"https:\/\/schema.org\",\"@graph\":[{\"@type\":\"WebPage\",\"@id\":\"https:\/\/metirionic.com\/de\/metirionic-technologie\/vorteile-nutzen\/\",\"url\":\"https:\/\/metirionic.com\/de\/metirionic-technologie\/vorteile-nutzen\/\",\"name\":\"Vorteile & Nutzen - metirionic.com\",\"isPartOf\":{\"@id\":\"https:\/\/metirionic.com\/#website\"},\"datePublished\":\"2025-02-02T20:01:30+00:00\",\"description\":\"Erfahren Sie mehr \u00fcber die wesentlichen Vorteile der fortschrittlichen Funkmess- und Positionierungstechnologie von Metirionic, die pr\u00e4zise Distanzmessung, robuste Sicherheit und flexible Integration f\u00fcr IoT- und Industrieanwendungen bietet.\",\"breadcrumb\":{\"@id\":\"https:\/\/metirionic.com\/de\/metirionic-technologie\/vorteile-nutzen\/#breadcrumb\"},\"inLanguage\":\"de\",\"potentialAction\":[{\"@type\":\"ReadAction\",\"target\":[\"https:\/\/metirionic.com\/de\/metirionic-technologie\/vorteile-nutzen\/\"]}]},{\"@type\":\"BreadcrumbList\",\"@id\":\"https:\/\/metirionic.com\/de\/metirionic-technologie\/vorteile-nutzen\/#breadcrumb\",\"itemListElement\":[{\"@type\":\"ListItem\",\"position\":1,\"name\":\"Startseite\",\"item\":\"https:\/\/metirionic.com\/de\/\"},{\"@type\":\"ListItem\",\"position\":2,\"name\":\"Metirionic Technologie\",\"item\":\"https:\/\/metirionic.com\/de\/metirionic-technologie\/\"},{\"@type\":\"ListItem\",\"position\":3,\"name\":\"Vorteile &#038; Nutzen\"}]},{\"@type\":\"WebSite\",\"@id\":\"https:\/\/metirionic.com\/#website\",\"url\":\"https:\/\/metirionic.com\/\",\"name\":\"metirionic.com\",\"description\":\"We know the distance!\",\"publisher\":{\"@id\":\"https:\/\/metirionic.com\/#organization\"},\"potentialAction\":[{\"@type\":\"SearchAction\",\"target\":{\"@type\":\"EntryPoint\",\"urlTemplate\":\"https:\/\/metirionic.com\/?s={search_term_string}\"},\"query-input\":{\"@type\":\"PropertyValueSpecification\",\"valueRequired\":true,\"valueName\":\"search_term_string\"}}],\"inLanguage\":\"de\"},{\"@type\":\"Organization\",\"@id\":\"https:\/\/metirionic.com\/#organization\",\"name\":\"metirionic.com\",\"url\":\"https:\/\/metirionic.com\/\",\"logo\":{\"@type\":\"ImageObject\",\"inLanguage\":\"de\",\"@id\":\"https:\/\/metirionic.com\/#\/schema\/logo\/image\/\",\"url\":\"https:\/\/metirionic.com\/wp-content\/uploads\/2020\/02\/Company-Header.jpg\",\"contentUrl\":\"https:\/\/metirionic.com\/wp-content\/uploads\/2020\/02\/Company-Header.jpg\",\"width\":1920,\"height\":507,\"caption\":\"metirionic.com\"},\"image\":{\"@id\":\"https:\/\/metirionic.com\/#\/schema\/logo\/image\/\"}}]}<\/script>\n<!-- \/ Yoast SEO plugin. -->","yoast_head_json":{"title":"Vorteile & Nutzen - metirionic.com","description":"Erfahren Sie mehr \u00fcber die wesentlichen Vorteile der fortschrittlichen Funkmess- und Positionierungstechnologie von Metirionic, die pr\u00e4zise Distanzmessung, robuste Sicherheit und flexible Integration f\u00fcr IoT- und Industrieanwendungen bietet.","robots":{"index":"index","follow":"follow","max-snippet":"max-snippet:-1","max-image-preview":"max-image-preview:large","max-video-preview":"max-video-preview:-1"},"canonical":"https:\/\/metirionic.com\/de\/metirionic-technologie\/vorteile-nutzen\/","og_locale":"de_DE","og_type":"article","og_title":"Vorteile & Nutzen - metirionic.com","og_description":"Erfahren Sie mehr \u00fcber die wesentlichen Vorteile der fortschrittlichen Funkmess- und Positionierungstechnologie von Metirionic, die pr\u00e4zise Distanzmessung, robuste Sicherheit und flexible Integration f\u00fcr IoT- und Industrieanwendungen bietet.","og_url":"https:\/\/metirionic.com\/de\/metirionic-technologie\/vorteile-nutzen\/","og_site_name":"metirionic.com","twitter_card":"summary_large_image","schema":{"@context":"https:\/\/schema.org","@graph":[{"@type":"WebPage","@id":"https:\/\/metirionic.com\/de\/metirionic-technologie\/vorteile-nutzen\/","url":"https:\/\/metirionic.com\/de\/metirionic-technologie\/vorteile-nutzen\/","name":"Vorteile & Nutzen - metirionic.com","isPartOf":{"@id":"https:\/\/metirionic.com\/#website"},"datePublished":"2025-02-02T20:01:30+00:00","description":"Erfahren Sie mehr \u00fcber die wesentlichen Vorteile der fortschrittlichen Funkmess- und Positionierungstechnologie von Metirionic, die pr\u00e4zise Distanzmessung, robuste Sicherheit und flexible Integration f\u00fcr IoT- und Industrieanwendungen bietet.","breadcrumb":{"@id":"https:\/\/metirionic.com\/de\/metirionic-technologie\/vorteile-nutzen\/#breadcrumb"},"inLanguage":"de","potentialAction":[{"@type":"ReadAction","target":["https:\/\/metirionic.com\/de\/metirionic-technologie\/vorteile-nutzen\/"]}]},{"@type":"BreadcrumbList","@id":"https:\/\/metirionic.com\/de\/metirionic-technologie\/vorteile-nutzen\/#breadcrumb","itemListElement":[{"@type":"ListItem","position":1,"name":"Startseite","item":"https:\/\/metirionic.com\/de\/"},{"@type":"ListItem","position":2,"name":"Metirionic Technologie","item":"https:\/\/metirionic.com\/de\/metirionic-technologie\/"},{"@type":"ListItem","position":3,"name":"Vorteile &#038; Nutzen"}]},{"@type":"WebSite","@id":"https:\/\/metirionic.com\/#website","url":"https:\/\/metirionic.com\/","name":"metirionic.com","description":"We know the distance!","publisher":{"@id":"https:\/\/metirionic.com\/#organization"},"potentialAction":[{"@type":"SearchAction","target":{"@type":"EntryPoint","urlTemplate":"https:\/\/metirionic.com\/?s={search_term_string}"},"query-input":{"@type":"PropertyValueSpecification","valueRequired":true,"valueName":"search_term_string"}}],"inLanguage":"de"},{"@type":"Organization","@id":"https:\/\/metirionic.com\/#organization","name":"metirionic.com","url":"https:\/\/metirionic.com\/","logo":{"@type":"ImageObject","inLanguage":"de","@id":"https:\/\/metirionic.com\/#\/schema\/logo\/image\/","url":"https:\/\/metirionic.com\/wp-content\/uploads\/2020\/02\/Company-Header.jpg","contentUrl":"https:\/\/metirionic.com\/wp-content\/uploads\/2020\/02\/Company-Header.jpg","width":1920,"height":507,"caption":"metirionic.com"},"image":{"@id":"https:\/\/metirionic.com\/#\/schema\/logo\/image\/"}}]}},"_links":{"self":[{"href":"https:\/\/metirionic.com\/de\/wp-json\/wp\/v2\/pages\/3918","targetHints":{"allow":["GET"]}}],"collection":[{"href":"https:\/\/metirionic.com\/de\/wp-json\/wp\/v2\/pages"}],"about":[{"href":"https:\/\/metirionic.com\/de\/wp-json\/wp\/v2\/types\/page"}],"author":[{"embeddable":true,"href":"https:\/\/metirionic.com\/de\/wp-json\/wp\/v2\/users\/6"}],"replies":[{"embeddable":true,"href":"https:\/\/metirionic.com\/de\/wp-json\/wp\/v2\/comments?post=3918"}],"version-history":[{"count":4,"href":"https:\/\/metirionic.com\/de\/wp-json\/wp\/v2\/pages\/3918\/revisions"}],"predecessor-version":[{"id":3922,"href":"https:\/\/metirionic.com\/de\/wp-json\/wp\/v2\/pages\/3918\/revisions\/3922"}],"up":[{"embeddable":true,"href":"https:\/\/metirionic.com\/de\/wp-json\/wp\/v2\/pages\/3910"}],"wp:attachment":[{"href":"https:\/\/metirionic.com\/de\/wp-json\/wp\/v2\/media?parent=3918"}],"curies":[{"name":"wp","href":"https:\/\/api.w.org\/{rel}","templated":true}]}}