{"id":3910,"date":"2025-02-02T20:46:31","date_gmt":"2025-02-02T19:46:31","guid":{"rendered":"https:\/\/metirionic.com\/?page_id=3910"},"modified":"2025-02-02T20:46:31","modified_gmt":"2025-02-02T19:46:31","slug":"metirionic-technologie","status":"publish","type":"page","link":"https:\/\/metirionic.com\/de\/metirionic-technologie\/","title":{"rendered":"Metirionic Technologie"},"content":{"rendered":"<p>Willkommen in der Zukunft der kabellosen Mess- und Positionierungstechnologie. Bei Metirionic definieren wir, wie Ger\u00e4te kommunizieren, ihre Position bestimmen und ihre Umgebung absichern. Unsere innovativen L\u00f6sungen erm\u00f6glichen eine Vielzahl von Anwendungen \u2013 von der pr\u00e4zisen Distanzmessung \u00fcber robuste Umwelterfassung bis hin zu erh\u00f6hter Sicherheit \u2013 indem sie modernste Signalverarbeitungstechniken nutzen.<\/p>\n","protected":false},"excerpt":{"rendered":"<p>Willkommen in der Zukunft der kabellosen Mess- und Positionierungstechnologie. Bei Metirionic definieren wir, wie Ger\u00e4te kommunizieren, ihre Position bestimmen und ihre Umgebung absichern. Unsere innovativen L\u00f6sungen erm\u00f6glichen eine Vielzahl von Anwendungen \u2013 von der pr\u00e4zisen Distanzmessung \u00fcber robuste Umwelterfassung bis hin zu erh\u00f6hter Sicherheit \u2013 indem sie modernste Signalverarbeitungstechniken nutzen.<\/p>\n","protected":false},"author":6,"featured_media":0,"parent":0,"menu_order":0,"comment_status":"closed","ping_status":"closed","template":"company.php","meta":{"_acf_changed":false,"footnotes":""},"class_list":["post-3910","page","type-page","status-publish","hentry"],"acf":[],"yoast_head":"<!-- This site is optimized with the Yoast SEO plugin v27.1.1 - https:\/\/yoast.com\/product\/yoast-seo-wordpress\/ -->\n<title>Metirionic Technologie - metirionic.com<\/title>\n<meta name=\"description\" content=\"Entdecken Sie Metirionics fortschrittliche kabellose Mess- und Positionierungstechnologie, die pr\u00e4zise Distanzmessung, robuste Umwelterfassung und erh\u00f6hte Sicherheit bietet. Erfahren Sie, wie unsere innovativen Signalverarbeitungstechniken IoT- und Industrieanwendungen revolutionieren.\" \/>\n<meta name=\"robots\" content=\"index, follow, max-snippet:-1, max-image-preview:large, max-video-preview:-1\" \/>\n<link rel=\"canonical\" href=\"https:\/\/metirionic.com\/de\/metirionic-technologie\/\" \/>\n<meta property=\"og:locale\" content=\"de_DE\" \/>\n<meta property=\"og:type\" content=\"article\" \/>\n<meta property=\"og:title\" content=\"Metirionic Technologie - metirionic.com\" \/>\n<meta property=\"og:description\" content=\"Entdecken Sie Metirionics fortschrittliche kabellose Mess- und Positionierungstechnologie, die pr\u00e4zise Distanzmessung, robuste Umwelterfassung und erh\u00f6hte Sicherheit bietet. Erfahren Sie, wie unsere innovativen Signalverarbeitungstechniken IoT- und Industrieanwendungen revolutionieren.\" \/>\n<meta property=\"og:url\" content=\"https:\/\/metirionic.com\/de\/metirionic-technologie\/\" \/>\n<meta property=\"og:site_name\" content=\"metirionic.com\" \/>\n<meta name=\"twitter:card\" content=\"summary_large_image\" \/>\n<script type=\"application\/ld+json\" class=\"yoast-schema-graph\">{\"@context\":\"https:\/\/schema.org\",\"@graph\":[{\"@type\":\"WebPage\",\"@id\":\"https:\/\/metirionic.com\/de\/metirionic-technologie\/\",\"url\":\"https:\/\/metirionic.com\/de\/metirionic-technologie\/\",\"name\":\"Metirionic Technologie - metirionic.com\",\"isPartOf\":{\"@id\":\"https:\/\/metirionic.com\/#website\"},\"datePublished\":\"2025-02-02T19:46:31+00:00\",\"description\":\"Entdecken Sie Metirionics fortschrittliche kabellose Mess- und Positionierungstechnologie, die pr\u00e4zise Distanzmessung, robuste Umwelterfassung und erh\u00f6hte Sicherheit bietet. Erfahren Sie, wie unsere innovativen Signalverarbeitungstechniken IoT- und Industrieanwendungen revolutionieren.\",\"breadcrumb\":{\"@id\":\"https:\/\/metirionic.com\/de\/metirionic-technologie\/#breadcrumb\"},\"inLanguage\":\"de\",\"potentialAction\":[{\"@type\":\"ReadAction\",\"target\":[\"https:\/\/metirionic.com\/de\/metirionic-technologie\/\"]}]},{\"@type\":\"BreadcrumbList\",\"@id\":\"https:\/\/metirionic.com\/de\/metirionic-technologie\/#breadcrumb\",\"itemListElement\":[{\"@type\":\"ListItem\",\"position\":1,\"name\":\"Startseite\",\"item\":\"https:\/\/metirionic.com\/de\/\"},{\"@type\":\"ListItem\",\"position\":2,\"name\":\"Metirionic Technologie\"}]},{\"@type\":\"WebSite\",\"@id\":\"https:\/\/metirionic.com\/#website\",\"url\":\"https:\/\/metirionic.com\/\",\"name\":\"metirionic.com\",\"description\":\"We know the distance!\",\"publisher\":{\"@id\":\"https:\/\/metirionic.com\/#organization\"},\"potentialAction\":[{\"@type\":\"SearchAction\",\"target\":{\"@type\":\"EntryPoint\",\"urlTemplate\":\"https:\/\/metirionic.com\/?s={search_term_string}\"},\"query-input\":{\"@type\":\"PropertyValueSpecification\",\"valueRequired\":true,\"valueName\":\"search_term_string\"}}],\"inLanguage\":\"de\"},{\"@type\":\"Organization\",\"@id\":\"https:\/\/metirionic.com\/#organization\",\"name\":\"metirionic.com\",\"url\":\"https:\/\/metirionic.com\/\",\"logo\":{\"@type\":\"ImageObject\",\"inLanguage\":\"de\",\"@id\":\"https:\/\/metirionic.com\/#\/schema\/logo\/image\/\",\"url\":\"https:\/\/metirionic.com\/wp-content\/uploads\/2020\/02\/Company-Header.jpg\",\"contentUrl\":\"https:\/\/metirionic.com\/wp-content\/uploads\/2020\/02\/Company-Header.jpg\",\"width\":1920,\"height\":507,\"caption\":\"metirionic.com\"},\"image\":{\"@id\":\"https:\/\/metirionic.com\/#\/schema\/logo\/image\/\"}}]}<\/script>\n<!-- \/ Yoast SEO plugin. -->","yoast_head_json":{"title":"Metirionic Technologie - metirionic.com","description":"Entdecken Sie Metirionics fortschrittliche kabellose Mess- und Positionierungstechnologie, die pr\u00e4zise Distanzmessung, robuste Umwelterfassung und erh\u00f6hte Sicherheit bietet. Erfahren Sie, wie unsere innovativen Signalverarbeitungstechniken IoT- und Industrieanwendungen revolutionieren.","robots":{"index":"index","follow":"follow","max-snippet":"max-snippet:-1","max-image-preview":"max-image-preview:large","max-video-preview":"max-video-preview:-1"},"canonical":"https:\/\/metirionic.com\/de\/metirionic-technologie\/","og_locale":"de_DE","og_type":"article","og_title":"Metirionic Technologie - metirionic.com","og_description":"Entdecken Sie Metirionics fortschrittliche kabellose Mess- und Positionierungstechnologie, die pr\u00e4zise Distanzmessung, robuste Umwelterfassung und erh\u00f6hte Sicherheit bietet. Erfahren Sie, wie unsere innovativen Signalverarbeitungstechniken IoT- und Industrieanwendungen revolutionieren.","og_url":"https:\/\/metirionic.com\/de\/metirionic-technologie\/","og_site_name":"metirionic.com","twitter_card":"summary_large_image","schema":{"@context":"https:\/\/schema.org","@graph":[{"@type":"WebPage","@id":"https:\/\/metirionic.com\/de\/metirionic-technologie\/","url":"https:\/\/metirionic.com\/de\/metirionic-technologie\/","name":"Metirionic Technologie - metirionic.com","isPartOf":{"@id":"https:\/\/metirionic.com\/#website"},"datePublished":"2025-02-02T19:46:31+00:00","description":"Entdecken Sie Metirionics fortschrittliche kabellose Mess- und Positionierungstechnologie, die pr\u00e4zise Distanzmessung, robuste Umwelterfassung und erh\u00f6hte Sicherheit bietet. Erfahren Sie, wie unsere innovativen Signalverarbeitungstechniken IoT- und Industrieanwendungen revolutionieren.","breadcrumb":{"@id":"https:\/\/metirionic.com\/de\/metirionic-technologie\/#breadcrumb"},"inLanguage":"de","potentialAction":[{"@type":"ReadAction","target":["https:\/\/metirionic.com\/de\/metirionic-technologie\/"]}]},{"@type":"BreadcrumbList","@id":"https:\/\/metirionic.com\/de\/metirionic-technologie\/#breadcrumb","itemListElement":[{"@type":"ListItem","position":1,"name":"Startseite","item":"https:\/\/metirionic.com\/de\/"},{"@type":"ListItem","position":2,"name":"Metirionic Technologie"}]},{"@type":"WebSite","@id":"https:\/\/metirionic.com\/#website","url":"https:\/\/metirionic.com\/","name":"metirionic.com","description":"We know the distance!","publisher":{"@id":"https:\/\/metirionic.com\/#organization"},"potentialAction":[{"@type":"SearchAction","target":{"@type":"EntryPoint","urlTemplate":"https:\/\/metirionic.com\/?s={search_term_string}"},"query-input":{"@type":"PropertyValueSpecification","valueRequired":true,"valueName":"search_term_string"}}],"inLanguage":"de"},{"@type":"Organization","@id":"https:\/\/metirionic.com\/#organization","name":"metirionic.com","url":"https:\/\/metirionic.com\/","logo":{"@type":"ImageObject","inLanguage":"de","@id":"https:\/\/metirionic.com\/#\/schema\/logo\/image\/","url":"https:\/\/metirionic.com\/wp-content\/uploads\/2020\/02\/Company-Header.jpg","contentUrl":"https:\/\/metirionic.com\/wp-content\/uploads\/2020\/02\/Company-Header.jpg","width":1920,"height":507,"caption":"metirionic.com"},"image":{"@id":"https:\/\/metirionic.com\/#\/schema\/logo\/image\/"}}]}},"_links":{"self":[{"href":"https:\/\/metirionic.com\/de\/wp-json\/wp\/v2\/pages\/3910","targetHints":{"allow":["GET"]}}],"collection":[{"href":"https:\/\/metirionic.com\/de\/wp-json\/wp\/v2\/pages"}],"about":[{"href":"https:\/\/metirionic.com\/de\/wp-json\/wp\/v2\/types\/page"}],"author":[{"embeddable":true,"href":"https:\/\/metirionic.com\/de\/wp-json\/wp\/v2\/users\/6"}],"replies":[{"embeddable":true,"href":"https:\/\/metirionic.com\/de\/wp-json\/wp\/v2\/comments?post=3910"}],"version-history":[{"count":4,"href":"https:\/\/metirionic.com\/de\/wp-json\/wp\/v2\/pages\/3910\/revisions"}],"predecessor-version":[{"id":3914,"href":"https:\/\/metirionic.com\/de\/wp-json\/wp\/v2\/pages\/3910\/revisions\/3914"}],"wp:attachment":[{"href":"https:\/\/metirionic.com\/de\/wp-json\/wp\/v2\/media?parent=3910"}],"curies":[{"name":"wp","href":"https:\/\/api.w.org\/{rel}","templated":true}]}}